{"id":2,"date":"2015-01-23T07:09:33","date_gmt":"2015-01-23T07:09:33","guid":{"rendered":"http:\/\/briggsandstratton.co.jp\/cms\/simplicity\/?page_id=2"},"modified":"2015-03-13T16:55:33","modified_gmt":"2015-03-13T07:55:33","slug":"product","status":"publish","type":"page","link":"https:\/\/briggsandstratton.co.jp\/simplicity\/product","title":{"rendered":"\u829d\u5208\u6a5f"},"content":{"rendered":"<table border=\"0\" width=\"95%\" cellspacing=\"0\" cellpadding=\"0\" align=\"center\">\n<tbody>\n<tr>\n<th colspan=\"2\">\u30e2\u30c7\u30eb<\/th>\n<th width=\"25%\">Coronet<\/th>\n<th width=\"25%\">Broadmoor 18\/38<\/th>\n<th width=\"25%\">Broadmoor 20\/44<\/th>\n<\/tr>\n<tr>\n<td class=\"item\" colspan=\"2\">\u30bf\u30a4\u30d7<\/td>\n<td>\u4e57\u7528\u30bf\u30a4\u30d7<\/td>\n<td colspan=\"2\">\u30c8\u30e9\u30af\u30bf\u30fc\uff08Broadmoor\uff09<\/td>\n<\/tr>\n<tr>\n<td class=\"item\" colspan=\"2\">\u5bf8\u6cd5\uff08L\u00d7W\u00d7Hcm\uff09<\/td>\n<td>155\u00d7105\u00d7104<\/td>\n<td>180\u00d7127\u00d7109<\/td>\n<td>180\u00d7142\u00d7109<\/td>\n<\/tr>\n<tr>\n<td class=\"item\" colspan=\"2\">\u91cd\u91cf\uff08\u338f\uff09<\/td>\n<td>188<\/td>\n<td>258.5<\/td>\n<td>263<\/td>\n<\/tr>\n<tr>\n<td class=\"item\" rowspan=\"7\" width=\"3%\">\u30a8\u30f3\u30b8\u30f3<\/td>\n<td class=\"item\" width=\"22%\">\u578b\u5f0f<\/td>\n<td>B&amp;S<\/td>\n<td>B&amp;S Vanguard<\/td>\n<td>B&amp;S Vanguard<\/td>\n<\/tr>\n<tr>\n<td class=\"item\">\u7a2e\u985e<\/td>\n<td>Intek<\/td>\n<td>\u7a7a\u51b74\u30b5\u30a4\u30af\u30eb V-Twin<\/td>\n<td>\u7a7a\u51b74\u30b5\u30a4\u30af\u30eb V-Twin<\/td>\n<\/tr>\n<tr>\n<td class=\"item\">\u6392\u6c17\u91cf\uff08\u33c4\uff09<\/td>\n<td>344<\/td>\n<td>570<\/td>\n<td>627<\/td>\n<\/tr>\n<tr>\n<td class=\"item\">\u6700\u5927\u51fa\u529b<br \/>\n\uff08[PS]\/\u56de\u8ee2\u6570\uff09<\/td>\n<td>[13]\/3,600<\/td>\n<td>[18]\/3,600<\/td>\n<td>[20]\/3,600<\/td>\n<\/tr>\n<tr>\n<td class=\"item\">\u71c3\u6599<\/td>\n<td>\u81ea\u52d5\u8eca\u7528\u7121\u925b\u30ac\u30bd\u30ea\u30f3<\/td>\n<td>\u81ea\u52d5\u8eca\u7528\u7121\u925b\u30ac\u30bd\u30ea\u30f3<\/td>\n<td>\u81ea\u52d5\u8eca\u7528\u7121\u925b\u30ac\u30bd\u30ea\u30f3<\/td>\n<\/tr>\n<tr>\n<td class=\"item\">\u30bf\u30f3\u30af\u5bb9\u91cf\uff08L\uff09<\/td>\n<td>7.6<\/td>\n<td>15<\/td>\n<td>15<\/td>\n<\/tr>\n<tr>\n<td class=\"item\">\u59cb\u52d5\u65b9\u5f0f<\/td>\n<td>\u30bb\u30eb\u30b9\u30bf\u30fc\u30bf\u30fc<\/td>\n<td>\u30bb\u30eb\u30b9\u30bf\u30fc\u30bf\u30fc<\/td>\n<td>\u30bb\u30eb\u30b9\u30bf\u30fc\u30bf\u30fc<\/td>\n<\/tr>\n<tr>\n<td class=\"item\" rowspan=\"5\">\u672c\u4f53<\/td>\n<td class=\"item\">\u5208\u5e45\uff08\u339c\uff09<\/td>\n<td>760<\/td>\n<td>965<\/td>\n<td>112<\/td>\n<\/tr>\n<tr>\n<td class=\"item\">\u5208\u9ad8\uff08\u339c\uff09<\/td>\n<td>25\uff5e95<\/td>\n<td>25\uff5e95<\/td>\n<td>25\uff5e95<\/td>\n<\/tr>\n<tr>\n<td class=\"item\">\u96c6\u8349\u30d0\u30c3\u30af\u5bb9\u91cf\uff08L\uff09<\/td>\n<td>\u30aa\u30d7\u30b7\u30e7\u30f3<\/td>\n<td>\u30aa\u30d7\u30b7\u30e7\u30f3<\/td>\n<td>\u30aa\u30d7\u30b7\u30e7\u30f3<\/td>\n<\/tr>\n<tr>\n<td class=\"item\">\u8d70\u884c\u5909\u901f\uff08\u6bb5\uff09<\/td>\n<td>HST\u6cb9\u5727\u7121\u6bb5\u5909\u901f<\/td>\n<td colspan=\"2\">HST\u6cb9\u5727\u7121\u6bb5\u5909\u901f<\/td>\n<\/tr>\n<tr>\n<td class=\"item\">\u8d70\u884c\u901f\u5ea6\uff08\u339e\/s\uff09<\/td>\n<td>\u524d\u90320\uff5e8\/\u5f8c\u90320\uff5e3.7<\/td>\n<td colspan=\"2\">\u524d\u90320\uff5e9.2\/\u5f8c\u90320\uff5e5.6<\/td>\n<\/tr>\n<tr>\n<td class=\"item\" colspan=\"2\">\u305d\u306e\u4ed6\u7279\u8a18\u4e8b\u9805<\/td>\n<td>\u30fbHST\u6cb9\u5727\u7121\u6bb5\u5909\u901f\u6a5f\u30fb\u30c1\u30e7\u30fc\u30af\u3001<br \/>\n\u30b9\u30ed\u30c3\u30c8\u30eb\u9023\u52d5\u30ec\u30d0\u30fc<\/td>\n<td colspan=\"2\">\u30fbHST\u6cb9\u5727\u7121\u6bb5\u5909\u901f\u6a5f<br \/>\n\u30fb\u30af\u30eb\u30fc\u30ba\u30b3\u30f3\u30c8\u30ed\u30fc\u30eb\u30fb12V\u96fb\u6e90\u4ed8<br \/>\n\u30fb\u6700\u5c0f\u534a\u5f8446\uff43\uff4d<\/td>\n<\/tr>\n<\/tbody>\n<\/table>\n","protected":false},"excerpt":{"rendered":"<p>\u30e2\u30c7\u30eb Coronet Broadmoor 18\/38 Broadmoor 20\/44 \u30bf\u30a4\u30d7 \u4e57\u7528\u30bf\u30a4\u30d7 \u30c8\u30e9\u30af\u30bf\u30fc\uff08Broadmoor\uff09 \u5bf8\u6cd5\uff08L\u00d7W\u00d7Hcm\uff09 155\u00d7105\u00d7104 180\u00d7127\u00d7109 180 [&hellip;]<\/p>\n","protected":false},"author":3,"featured_media":0,"parent":0,"menu_order":0,"comment_status":"closed","ping_status":"closed","template":"","meta":{"footnotes":""},"class_list":["post-2","page","type-page","status-publish","hentry"],"publishpress_future_action":{"enabled":false,"date":"2026-04-25 17:49:49","action":"change-status","newStatus":"draft","terms":[],"taxonomy":"","extraData":[]},"publishpress_future_workflow_manual_trigger":{"enabledWorkflows":[]},"_links":{"self":[{"href":"https:\/\/briggsandstratton.co.jp\/simplicity\/wp-json\/wp\/v2\/pages\/2","targetHints":{"allow":["GET"]}}],"collection":[{"href":"https:\/\/briggsandstratton.co.jp\/simplicity\/wp-json\/wp\/v2\/pages"}],"about":[{"href":"https:\/\/briggsandstratton.co.jp\/simplicity\/wp-json\/wp\/v2\/types\/page"}],"author":[{"embeddable":true,"href":"https:\/\/briggsandstratton.co.jp\/simplicity\/wp-json\/wp\/v2\/users\/3"}],"replies":[{"embeddable":true,"href":"https:\/\/briggsandstratton.co.jp\/simplicity\/wp-json\/wp\/v2\/comments?post=2"}],"version-history":[{"count":6,"href":"https:\/\/briggsandstratton.co.jp\/simplicity\/wp-json\/wp\/v2\/pages\/2\/revisions"}],"predecessor-version":[{"id":560,"href":"https:\/\/briggsandstratton.co.jp\/simplicity\/wp-json\/wp\/v2\/pages\/2\/revisions\/560"}],"wp:attachment":[{"href":"https:\/\/briggsandstratton.co.jp\/simplicity\/wp-json\/wp\/v2\/media?parent=2"}],"curies":[{"name":"wp","href":"https:\/\/api.w.org\/{rel}","templated":true}]}}